{"id":209,"date":"2024-03-16T20:21:53","date_gmt":"2024-03-16T19:21:53","guid":{"rendered":"https:\/\/votegepi.com\/?page_id=209"},"modified":"2024-03-24T09:38:11","modified_gmt":"2024-03-24T08:38:11","slug":"actualites","status":"publish","type":"page","link":"https:\/\/votegepi.com\/?page_id=209","title":{"rendered":"Actualit\u00e9s"},"content":{"rendered":"\n<p><\/p>\n\n\n\n<h5 class=\"wp-block-heading\">Consultation du fichier \u00e9lectoral<\/h5>\n\n\n\n<p>Un num\u00e9ro vert pour v\u00e9rification :<br>En plus de ce site, la DIRECTION GENERALE DES ELECTIONS (DGE) a mis \u00e0 la disposition de tous les citoyens, un centre d\u2019appel et d\u2019information sur la disponibilit\u00e9 des cartes biom\u00e9triques. Les citoyens inscrits sur les listes \u00e9lectorales sont pri\u00e9s d\u2019appeler le centre d\u2019appel au num\u00e9ro vert&nbsp;<strong>800-00-2017<\/strong>&nbsp;du lundi au vendredi de 08h00 \u00e0 18h00 et le samedi de 08h00 \u00e0 17h00 .<\/p>\n\n\n\n<p><a href=\"https:\/\/elections.sec.gouv.sn\/\">https:\/\/elections.sec.gouv.sn\/<\/a><\/p>\n\n\n\n<p><\/p>\n\n\n\n<p><\/p>\n\n\n\n<p>France: Point sur l&#8217;organisation du scrutin pr\u00e9sidentiel de ce dimanche 24 mars dans la Diaspora en France avec Monsieur Amadou DIALLO, Consul G\u00e9n\u00e9ral du S\u00e9n\u00e9gal \u00e0 Paris.<br>Les 10 lieux de votes sont disponibles,&nbsp;&nbsp; ils sont diff\u00e9rents des lieux de votes dans les autres grandes villes en France notamment Bordeaux Marseilles .<br>&#8220;Depuis un mois nous avons re\u00e7u le mat\u00e9riel \u00e9lectoral&#8230;j&#8217; en appelle \u00e0 tous les citoyens, le S\u00e9n\u00e9gal est une vitrine d\u00e9mocratique, chacun de nous est un Ambassadeur pour le S\u00e9n\u00e9gal&#8230;.&#8221;<br>Il revient \u00e9galement sur le retrait des cartes d&#8217;electeur le jour du vote pour les retardataires. ( En wolof et en fran\u00e7ais)<\/p>\n\n\n\n<figure class=\"wp-block-embed is-type-video is-provider-youtube wp-block-embed-youtube wp-embed-aspect-16-9 wp-has-aspect-ratio\"><div class=\"wp-block-embed__wrapper\">\n<iframe loading=\"lazy\" title=\"Paris: Une queue interminable devant les bureaux de vote. Plus de 29 minutes de retard\" width=\"640\" height=\"360\" src=\"https:\/\/www.youtube.com\/embed\/DRBGVdvlkHo?feature=oembed\" frameborder=\"0\" allow=\"accelerometer; autoplay; clipboard-write; encrypted-media; gyroscope; picture-in-picture; web-share\" referrerpolicy=\"strict-origin-when-cross-origin\" allowfullscreen><\/iframe>\n<\/div><\/figure>\n\n\n\n<p>Ibra Khady Ndiaye<\/p>\n\n\n\n<figure class=\"wp-block-embed is-type-video is-provider-youtube wp-block-embed-youtube wp-embed-aspect-16-9 wp-has-aspect-ratio\"><div class=\"wp-block-embed__wrapper\">\n<iframe loading=\"lazy\" title=\"Point sur l&#039;organisation du scrutin avec M. Amadou Diallo, Consul G\u00e9n\u00e9ral du S\u00e9n\u00e9gal \u00e0 Paris\" width=\"640\" height=\"360\" src=\"https:\/\/www.youtube.com\/embed\/XoVND5xCNfk?feature=oembed\" frameborder=\"0\" allow=\"accelerometer; autoplay; clipboard-write; encrypted-media; gyroscope; picture-in-picture; web-share\" referrerpolicy=\"strict-origin-when-cross-origin\" allowfullscreen><\/iframe>\n<\/div><\/figure>\n\n\n\n<figure class=\"wp-block-embed is-type-video is-provider-youtube wp-block-embed-youtube wp-embed-aspect-16-9 wp-has-aspect-ratio\"><div class=\"wp-block-embed__wrapper\">\n<iframe loading=\"lazy\" title=\"Point sur l&#039;organisation du scrutin avec M. Amadou Diallo, Consul G\u00e9n\u00e9ral du S\u00e9n\u00e9gal \u00e0 Paris\" width=\"640\" height=\"360\" src=\"https:\/\/www.youtube.com\/embed\/f2TUB1WRvUQ?feature=oembed\" frameborder=\"0\" allow=\"accelerometer; autoplay; clipboard-write; encrypted-media; gyroscope; picture-in-picture; web-share\" referrerpolicy=\"strict-origin-when-cross-origin\" allowfullscreen><\/iframe>\n<\/div><\/figure>\n\n\n\n<figure class=\"wp-block-embed is-type-video is-provider-youtube wp-block-embed-youtube wp-embed-aspect-16-9 wp-has-aspect-ratio\"><div class=\"wp-block-embed__wrapper\">\n<iframe loading=\"lazy\" title=\"#PR\u00c9SIDENTIELLE_2024 | TEMPS D&#039;ANTENNE AMADOU BA \/ Coalition BENNO BOKK YAAKAAR\" width=\"640\" height=\"360\" src=\"https:\/\/www.youtube.com\/embed\/u8KlCDMHOh4?feature=oembed\" frameborder=\"0\" allow=\"accelerometer; autoplay; clipboard-write; encrypted-media; gyroscope; picture-in-picture; web-share\" referrerpolicy=\"strict-origin-when-cross-origin\" allowfullscreen><\/iframe>\n<\/div><\/figure>\n\n\n\n<figure class=\"wp-block-embed is-type-video is-provider-youtube wp-block-embed-youtube wp-embed-aspect-16-9 wp-has-aspect-ratio\"><div class=\"wp-block-embed__wrapper\">\n<iframe loading=\"lazy\" title=\"#PR\u00c9SIDENTIELLE_2024 | TEMPS D&#039;ANTENNE ANTA BABACAR NGOM \/Alternative pour la Rel\u00e8ve Citoyenne (ARC)\" width=\"640\" height=\"360\" src=\"https:\/\/www.youtube.com\/embed\/E07kQ9RzO8o?feature=oembed\" frameborder=\"0\" allow=\"accelerometer; autoplay; clipboard-write; encrypted-media; gyroscope; picture-in-picture; web-share\" referrerpolicy=\"strict-origin-when-cross-origin\" allowfullscreen><\/iframe>\n<\/div><\/figure>\n\n\n\n<figure class=\"wp-block-embed is-type-video is-provider-youtube wp-block-embed-youtube wp-embed-aspect-16-9 wp-has-aspect-ratio\"><div class=\"wp-block-embed__wrapper\">\n<iframe loading=\"lazy\" title=\"#PR\u00c9SIDENTIELLE_2024 | TEMPS D&#039;ANTENNE ALY NGOUILLE NDIAYE Coalition ALYNGOUILLE 2024\" width=\"640\" height=\"360\" src=\"https:\/\/www.youtube.com\/embed\/ss5DVF4f3fc?feature=oembed\" frameborder=\"0\" allow=\"accelerometer; autoplay; clipboard-write; encrypted-media; gyroscope; picture-in-picture; web-share\" referrerpolicy=\"strict-origin-when-cross-origin\" allowfullscreen><\/iframe>\n<\/div><\/figure>\n\n\n\n<figure class=\"wp-block-embed is-type-video is-provider-youtube wp-block-embed-youtube wp-embed-aspect-16-9 wp-has-aspect-ratio\"><div class=\"wp-block-embed__wrapper\">\n<iframe loading=\"lazy\" title=\"#PR\u00c9SIDENTIELLE_2024 | TEMPS D&#039;ANTENNE  IDRISSA SECK \/ Coalition IDY 2024\" width=\"640\" height=\"360\" src=\"https:\/\/www.youtube.com\/embed\/Q0xucstQS5I?feature=oembed\" frameborder=\"0\" allow=\"accelerometer; autoplay; clipboard-write; encrypted-media; gyroscope; picture-in-picture; web-share\" referrerpolicy=\"strict-origin-when-cross-origin\" allowfullscreen><\/iframe>\n<\/div><\/figure>\n\n\n\n<figure class=\"wp-block-embed is-type-video is-provider-youtube wp-block-embed-youtube wp-embed-aspect-16-9 wp-has-aspect-ratio\"><div class=\"wp-block-embed__wrapper\">\n<iframe loading=\"lazy\" title=\"#PR\u00c9SIDENTIELLE_2024 | TEMPS D&#039;ANTENNE HABIB SY \/ Partie de l\u2019Espoir et de la Modernit\u00e9 (PEM)\" width=\"640\" height=\"360\" src=\"https:\/\/www.youtube.com\/embed\/cg-WNi8W3Ws?feature=oembed\" frameborder=\"0\" allow=\"accelerometer; autoplay; clipboard-write; encrypted-media; gyroscope; picture-in-picture; web-share\" referrerpolicy=\"strict-origin-when-cross-origin\" allowfullscreen><\/iframe>\n<\/div><\/figure>\n\n\n\n<figure class=\"wp-block-embed is-type-video is-provider-youtube wp-block-embed-youtube wp-embed-aspect-16-9 wp-has-aspect-ratio\"><div class=\"wp-block-embed__wrapper\">\n<iframe loading=\"lazy\" title=\"#PR\u00c9SIDENTIELLE_2024 | TEMPS D&#039;ANTENNE SERIGNE MBOUP \/ ANDE NAWLE \u2013 AND LIGUEEY\" width=\"640\" height=\"360\" src=\"https:\/\/www.youtube.com\/embed\/9bXXQ44JpgA?feature=oembed\" frameborder=\"0\" allow=\"accelerometer; autoplay; clipboard-write; encrypted-media; gyroscope; picture-in-picture; web-share\" referrerpolicy=\"strict-origin-when-cross-origin\" allowfullscreen><\/iframe>\n<\/div><\/figure>\n\n\n\n<figure class=\"wp-block-embed is-type-video is-provider-youtube wp-block-embed-youtube wp-embed-aspect-16-9 wp-has-aspect-ratio\"><div class=\"wp-block-embed__wrapper\">\n<iframe loading=\"lazy\" title=\"#PR\u00c9SIDENTIELLE_2024 | TEMPS D&#039;ANTENNE THIERNO ALASSANE SALL \/ La R\u00e9publique des Valeur \u2013 Rewum Ngor\" width=\"640\" height=\"360\" src=\"https:\/\/www.youtube.com\/embed\/oihtvLASfgQ?feature=oembed\" frameborder=\"0\" allow=\"accelerometer; autoplay; clipboard-write; encrypted-media; gyroscope; picture-in-picture; web-share\" referrerpolicy=\"strict-origin-when-cross-origin\" allowfullscreen><\/iframe>\n<\/div><\/figure>\n\n\n\n<p><\/p>\n\n\n\n<figure class=\"wp-block-embed is-type-video is-provider-youtube wp-block-embed-youtube wp-embed-aspect-16-9 wp-has-aspect-ratio\"><div class=\"wp-block-embed__wrapper\">\n<iframe loading=\"lazy\" title=\"#PR\u00c9SIDENTIELLE 2024  TEMPS D&#039;ANTENNE DES CANDIDATS PARTIE 1 \u2013 SAMEDI 16 MARS 2024\" width=\"640\" height=\"360\" src=\"https:\/\/www.youtube.com\/embed\/wz4CIolWC4I?feature=oembed\" frameborder=\"0\" allow=\"accelerometer; autoplay; clipboard-write; encrypted-media; gyroscope; picture-in-picture; web-share\" referrerpolicy=\"strict-origin-when-cross-origin\" allowfullscreen><\/iframe>\n<\/div><\/figure>\n\n\n\n<div class=\"wp-block-ive-separator aligncenter undefined ive-separator-_08dc40-4a\"><div class=\"ive-separator ive-separator-halign-center\"><hr class=\"ive-separator-hr float-xl-center float-lg-center float-sm-center float-center\"\/><\/div><\/div>\n\n\n\n<div class=\"wp-block-columns is-layout-flex wp-container-core-columns-is-layout-9d6595d7 wp-block-columns-is-layout-flex\">\n<div class=\"wp-block-column is-layout-flow wp-block-column-is-layout-flow\" style=\"flex-basis:100%\"><\/div>\n<\/div>\n\n\n\n<figure class=\"wp-block-embed is-type-video is-provider-youtube wp-block-embed-youtube wp-embed-aspect-16-9 wp-has-aspect-ratio\"><div class=\"wp-block-embed__wrapper\">\n<iframe loading=\"lazy\" title=\"#PR\u00c9SIDENTIELLE 2024  TEMPS D&#039;ANTENNE DES CANDIDATS PARTIE 2 \u2013 SAMEDI 16 MARS 2024\" width=\"640\" height=\"360\" src=\"https:\/\/www.youtube.com\/embed\/Yn1FXI6lrGU?feature=oembed\" frameborder=\"0\" allow=\"accelerometer; autoplay; clipboard-write; encrypted-media; gyroscope; picture-in-picture; web-share\" referrerpolicy=\"strict-origin-when-cross-origin\" allowfullscreen><\/iframe>\n<\/div><\/figure>\n","protected":false},"excerpt":{"rendered":"<p>Consultation du fichier \u00e9lectoral Un num\u00e9ro vert pour v\u00e9rification :En plus de ce site, la DIRECTION GENERALE DES ELECTIONS (DGE) a mis \u00e0 la disposition de tous les citoyens, un centre d\u2019appel et d\u2019information sur la disponibilit\u00e9 des cartes biom\u00e9triques. Les citoyens inscrits sur les listes \u00e9lectorales sont pri\u00e9s d\u2019appeler le centre d\u2019appel au num\u00e9ro [&hellip;]<\/p>\n","protected":false},"author":1,"featured_media":0,"parent":0,"menu_order":0,"comment_status":"closed","ping_status":"closed","template":"","meta":{"_regular_price":[],"currency_symbol":[],"footnotes":""},"class_list":["post-209","page","type-page","status-publish","hentry"],"post_slider_layout_featured_media_urls":{"thumbnail":"","post_slider_layout_landscape_large":"","post_slider_layout_portrait_large":"","post_slider_layout_square_large":"","post_slider_layout_landscape":"","post_slider_layout_portrait":"","post_slider_layout_square":"","full":""},"_links":{"self":[{"href":"https:\/\/votegepi.com\/index.php?rest_route=\/wp\/v2\/pages\/209","targetHints":{"allow":["GET"]}}],"collection":[{"href":"https:\/\/votegepi.com\/index.php?rest_route=\/wp\/v2\/pages"}],"about":[{"href":"https:\/\/votegepi.com\/index.php?rest_route=\/wp\/v2\/types\/page"}],"author":[{"embeddable":true,"href":"https:\/\/votegepi.com\/index.php?rest_route=\/wp\/v2\/users\/1"}],"replies":[{"embeddable":true,"href":"https:\/\/votegepi.com\/index.php?rest_route=%2Fwp%2Fv2%2Fcomments&post=209"}],"version-history":[{"count":27,"href":"https:\/\/votegepi.com\/index.php?rest_route=\/wp\/v2\/pages\/209\/revisions"}],"predecessor-version":[{"id":382,"href":"https:\/\/votegepi.com\/index.php?rest_route=\/wp\/v2\/pages\/209\/revisions\/382"}],"wp:attachment":[{"href":"https:\/\/votegepi.com\/index.php?rest_route=%2Fwp%2Fv2%2Fmedia&parent=209"}],"curies":[{"name":"wp","href":"https:\/\/api.w.org\/{rel}","templated":true}]}}